{"id":76782,"date":"2015-07-03T08:09:31","date_gmt":"2015-07-03T08:09:31","guid":{"rendered":"https:\/\/romdi.com.ua\/transport-drogowy"},"modified":"2015-07-03T08:09:31","modified_gmt":"2015-07-03T08:09:31","slug":"transport-drogowy","status":"publish","type":"page","link":"https:\/\/romdi.com.ua\/pl\/uslugi\/transport-drogowy","title":{"rendered":"Transport drogowy"},"content":{"rendered":"<p>[vc_row][vc_column width=&#8221;1\/4&#8243;][vc_widget_sidebar sidebar_id=&#8221;sidebar-1&#8243;][\/vc_column][vc_column width=&#8221;3\/4&#8243;][vc_row_inner][vc_column_inner offset=&#8221;vc_hidden-md vc_hidden-sm vc_hidden-xs&#8221;][vc_images_carousel images=&#8221;76188,76186,76185,76187&#8243; img_size=&#8221;840&#215;500&#8243; onclick=&#8221;link_no&#8221; hide_prev_next_buttons=&#8221;yes&#8221;][vc_empty_space height=&#8221;10px&#8221;][vc_custom_heading text=&#8221;GENERAL TRANSPORTATION&#8221; font_container=&#8221;tag:h2|text_align:left|color:%23111111&#8243; use_theme_fonts=&#8221;yes&#8221; el_class=&#8221;style3&#8243; css=&#8221;.vc_custom_1436256212025{margin-bottom: 30px !important;}&#8221;][vc_column_text css_animation=&#8221;right-to-left&#8221; el_class=&#8221;gray&#8221;]<\/p>\n<p style=\"text-align: justify;\">Nowoczesny tempo \u017cycia i rozw\u00f3j infrastruktury na obszarach miejskich s\u0105 zwi\u0105zane z potrzeb\u0105 szybkiego i regularnego dostarczania r\u00f3\u017cnego rodzaju towar\u00f3w na ca\u0142ym \u015bwiecie. To robi\u00a0&#8222;Romdi Ukraina&#8221;. Nasza firma dzia\u0142a w dziedzinie us\u0142ug transportowych przez wiele lat. W tym czasie uda\u0142o nam si\u0119 stworzy\u0107 skoordynowany system dostawy na terytorium Ukrainy, UE i UMP.<\/p>\n<p style=\"text-align: justify;\">MLA PE &#8222;Romdi Ukraina&#8221; &#8211; transport. Posiadamy w\u0142asne samochody, a tak\u017ce partnerstwa z wiod\u0105cymi ukrai\u0144skimi firmami transportowymi. To znacz\u0105co skraca czas transportu.<\/p>\n<p>[\/vc_column_text][\/vc_column_inner][\/vc_row_inner][vc_row_inner css=&#8221;.vc_custom_1435909325224{margin-bottom: 0px !important;}&#8221;][vc_column_inner][vc_custom_heading text=&#8221;KORZY\u015aCI DLA KLIENTA&#8221; font_container=&#8221;tag:h2|text_align:left|color:%23111111&#8243; use_theme_fonts=&#8221;yes&#8221; el_class=&#8221;style3&#8243; css=&#8221;.vc_custom_1451120141062{margin-bottom: 30px !important;}&#8221;][\/vc_column_inner][\/vc_row_inner][vc_accordion][vc_accordion_tab title=&#8221;Czas transportu&#8221;][vc_column_text]Wyrafinowany system ruchu, optymalizuj\u0105c w ten spos\u00f3b drog\u0119 i czas-koszt\u00a0transportu[\/vc_column_text][\/vc_accordion_tab][vc_accordion_tab title=&#8221;Do\u015bwiadczenie pracownik\u00f3w&#8221;][vc_column_text]Du\u017ce do\u015bwiadczenie naszych ekspert\u00f3w, kt\u00f3rzy uko\u0144czyli z powodzeniem tysi\u0105ce transportowan[\/vc_column_text][\/vc_accordion_tab][vc_accordion_tab title=&#8221;W\u0142asna flota&#8221;][vc_column_text]W\u0142asne pojazdy umo\u017cliwiaja klientowi dostarczenie wysokiej jako\u015bci us\u0142ugi dla pe\u0142nego i natychmiastowego transportu i\u00a0kontorolyu procesu[\/vc_column_text][\/vc_accordion_tab][\/vc_accordion][\/vc_column][\/vc_row][vc_row full_width=&#8221;stretch_row&#8221; css=&#8221;.vc_custom_1435652863768{margin-bottom: 0px !important;border-top-width: 1px !important;padding-top: 50px !important;padding-bottom: 50px !important;background-color: #eeeeee !important;border-top-color: #dddddd !important;border-top-style: solid !important;}&#8221; el_class=&#8221;align-right&#8221;][vc_column width=&#8221;2\/3&#8243;][vc_custom_heading text=&#8221;Skontaktuj si\u0119 z naszymi mened\u017cerami, a my pomo\u017cemy Ci w ka\u017cdej sprawie&#8221; font_container=&#8221;tag:h3|font_size:18|text_align:left|color:%23111111&#8243; use_theme_fonts=&#8221;yes&#8221; css=&#8221;.vc_custom_1451120399108{margin-top: 10px !important;}&#8221;][vc_empty_space height=&#8221;10px&#8221;][\/vc_column][vc_column width=&#8221;1\/3&#8243;][thememove_button text=&#8221;Skontaktuj si\u0119&#8221; url=&#8221;\/pl\/contact&#8221;][\/vc_column][\/vc_row]<\/p>\n","protected":false},"excerpt":{"rendered":"<p>[vc_row][vc_column width=&#8221;1\/4&#8243;][vc_widget_sidebar sidebar_id=&#8221;sidebar-1&#8243;][\/vc_column][vc_column width=&#8221;3\/4&#8243;][vc_row_inner][vc_column_inner offset=&#8221;vc_hidden-md vc_hidden-sm vc_hidden-xs&#8221;][vc_images_carousel images=&#8221;76188,76186,76185,76187&#8243; img_size=&#8221;840&#215;500&#8243; onclick=&#8221;link_no&#8221; hide_prev_next_buttons=&#8221;yes&#8221;][vc_empty_space height=&#8221;10px&#8221;][vc_custom_heading text=&#8221;GENERAL TRANSPORTATION&#8221; font_container=&#8221;tag:h2|text_align:left|color:%23111111&#8243; use_theme_fonts=&#8221;yes&#8221; el_class=&#8221;style3&#8243; css=&#8221;.vc_custom_1436256212025{margin-bottom: 30px !important;}&#8221;][vc_column_text [&hellip;]<\/p>\n","protected":false},"author":1,"featured_media":0,"parent":76770,"menu_order":0,"comment_status":"closed","ping_status":"closed","template":"","meta":{"footnotes":""},"class_list":["post-76782","page","type-page","status-publish","hentry"],"_links":{"self":[{"href":"https:\/\/romdi.com.ua\/pl\/wp-json\/wp\/v2\/pages\/76782","targetHints":{"allow":["GET"]}}],"collection":[{"href":"https:\/\/romdi.com.ua\/pl\/wp-json\/wp\/v2\/pages"}],"about":[{"href":"https:\/\/romdi.com.ua\/pl\/wp-json\/wp\/v2\/types\/page"}],"author":[{"embeddable":true,"href":"https:\/\/romdi.com.ua\/pl\/wp-json\/wp\/v2\/users\/1"}],"replies":[{"embeddable":true,"href":"https:\/\/romdi.com.ua\/pl\/wp-json\/wp\/v2\/comments?post=76782"}],"version-history":[{"count":0,"href":"https:\/\/romdi.com.ua\/pl\/wp-json\/wp\/v2\/pages\/76782\/revisions"}],"up":[{"embeddable":true,"href":"https:\/\/romdi.com.ua\/pl\/wp-json\/wp\/v2\/pages\/76770"}],"wp:attachment":[{"href":"https:\/\/romdi.com.ua\/pl\/wp-json\/wp\/v2\/media?parent=76782"}],"curies":[{"name":"wp","href":"https:\/\/api.w.org\/{rel}","templated":true}]}}