{"id":76786,"date":"2015-07-03T08:09:58","date_gmt":"2015-07-03T08:09:58","guid":{"rendered":"https:\/\/romdi.com.ua\/spedycja"},"modified":"2025-07-16T16:32:28","modified_gmt":"2025-07-16T13:32:28","slug":"spedycja","status":"publish","type":"page","link":"https:\/\/romdi.com.ua\/pl\/uslugi\/spedycja","title":{"rendered":"Spedycja"},"content":{"rendered":"<p>[vc_row][vc_column width=&#8221;1\/4&#8243;][vc_widget_sidebar sidebar_id=&#8221;sidebar-1&#8243;][\/vc_column][vc_column width=&#8221;3\/4&#8243;][vc_row_inner][vc_column_inner offset=&#8221;vc_hidden-md vc_hidden-sm vc_hidden-xs&#8221;][vc_images_carousel images=&#8221;76201,76270,75320,75321,76186&#8243; img_size=&#8221;840&#215;500&#8243; onclick=&#8221;link_no&#8221; hide_prev_next_buttons=&#8221;yes&#8221;][vc_empty_space height=&#8221;10px&#8221;][vc_custom_heading text=&#8221;US\u0141UGI SPEDYCYJNE&#8221; font_container=&#8221;tag:h2|text_align:left|color:%23111111&#8243; use_theme_fonts=&#8221;yes&#8221; el_class=&#8221;style3&#8243; css=&#8221;.vc_custom_1451121783625{margin-bottom: 30px !important;}&#8221;][vc_column_text css_animation=&#8221;left-to-right&#8221; el_class=&#8221;gray&#8221;]<\/p>\n<p style=\"text-align: justify;\"><span style=\"color: #000000;\">Spedycja &#8211; czynno\u015bci zwi\u0105zane ze \u015bwiadczeniem us\u0142ug dla nadawc\u00f3w i odbiorc\u00f3w (klient\u00f3w) i organizacji dystrybucji towar\u00f3w wszelkimi \u015brodkami transportu. Us\u0142ugi spedycyjne s\u0105 \u015bci\u015ble zwi\u0105zane z poj\u0119ciem logistyki.<\/span><\/p>\n<p style=\"text-align: justify;\"><span style=\"color: #000000;\">Spedycja i Logistyka w naszej praktyce wzajemnie si\u0119 uzupe\u0142niaj\u0105, co pozwala osi\u0105gn\u0105\u0107 ni\u017cszy ca\u0142kowity koszt transportu, skr\u00f3cenie czasu jego trwania, co zwi\u0119ksza niezawodno\u015b\u0107 procesu transportowego.<\/span><\/p>\n<p>[\/vc_column_text][\/vc_column_inner][\/vc_row_inner][vc_row_inner][vc_column_inner][vc_custom_heading text=&#8221;TRANSPORT EXPEDITION&#8221; font_container=&#8221;tag:h2|text_align:left|color:%23111111&#8243; use_theme_fonts=&#8221;yes&#8221; el_class=&#8221;style3&#8243; css=&#8221;.vc_custom_1451121831497{margin-bottom: 30px !important;}&#8221;][vc_column_text css_animation=&#8221;bottom-to-top&#8221;]<\/p>\n<p style=\"text-align: justify;\">Standardowy Spedycja obejmuje dokumentacji, przygotowywanie \u0142adunk\u00f3w do wysy\u0142ki, jej tymczasowe lub przechowanie. W razie potrzeby lub na \u017c\u0105danie, aby zapewni\u0107 dodatkowe us\u0142ugi spedycyjne: utrzymanie \u0142adunku, jego ochrony, ubezpieczenia.<\/p>\n<p style=\"text-align: justify;\">Logistyka, spedycja i \u0142adunki do nas ca\u0142a. Jedynym sposobem na odci\u0105\u017cenie klienta od wszystkich trosk dostawy.<\/p>\n<p>[\/vc_column_text][\/vc_column_inner][\/vc_row_inner][\/vc_column][\/vc_row]<\/p>\n<p>[vc_row full_width=&#8221;stretch_row&#8221; css=&#8221;.vc_custom_1435652863768{margin-bottom: 0px !important;border-top-width: 1px !important;padding-top: 50px !important;padding-bottom: 50px !important;background-color: #eeeeee !important;border-top-color: #dddddd !important;border-top-style: solid !important;}&#8221; el_class=&#8221;align-right&#8221;][vc_column width=&#8221;2\/3&#8243;][vc_custom_heading text=&#8221;Skontaktuj si\u0119 z naszymi mened\u017cer\u00f3w, a my pomo\u017cemy Ci w ka\u017cdej sprawie&#8221; font_container=&#8221;tag:h3|font_size:18|text_align:left|color:%23111111&#8243; use_theme_fonts=&#8221;yes&#8221; css=&#8221;.vc_custom_1451121737650{margin-top: 10px !important;}&#8221;][vc_empty_space height=&#8221;10px&#8221;][\/vc_column][vc_column width=&#8221;1\/3&#8243;][thememove_button text=&#8221;Skontaktuj si\u0119 z nami&#8221; url=&#8221;\/pl\/contact&#8221;][\/vc_column][\/vc_row]<\/p>\n","protected":false},"excerpt":{"rendered":"<p>[vc_row][vc_column width=&#8221;1\/4&#8243;][vc_widget_sidebar sidebar_id=&#8221;sidebar-1&#8243;][\/vc_column][vc_column width=&#8221;3\/4&#8243;][vc_row_inner][vc_column_inner offset=&#8221;vc_hidden-md vc_hidden-sm vc_hidden-xs&#8221;][vc_images_carousel images=&#8221;76201,76270,75320,75321,76186&#8243; img_size=&#8221;840&#215;500&#8243; onclick=&#8221;link_no&#8221; hide_prev_next_buttons=&#8221;yes&#8221;][vc_empty_space height=&#8221;10px&#8221;][vc_custom_heading text=&#8221;US\u0141UGI SPEDYCYJNE&#8221; font_container=&#8221;tag:h2|text_align:left|color:%23111111&#8243; use_theme_fonts=&#8221;yes&#8221; el_class=&#8221;style3&#8243; css=&#8221;.vc_custom_1451121783625{margin-bottom: 30px !important;}&#8221;][vc_column_text [&hellip;]<\/p>\n","protected":false},"author":1,"featured_media":0,"parent":76770,"menu_order":0,"comment_status":"closed","ping_status":"closed","template":"","meta":{"footnotes":""},"class_list":["post-76786","page","type-page","status-publish","hentry"],"_links":{"self":[{"href":"https:\/\/romdi.com.ua\/pl\/wp-json\/wp\/v2\/pages\/76786","targetHints":{"allow":["GET"]}}],"collection":[{"href":"https:\/\/romdi.com.ua\/pl\/wp-json\/wp\/v2\/pages"}],"about":[{"href":"https:\/\/romdi.com.ua\/pl\/wp-json\/wp\/v2\/types\/page"}],"author":[{"embeddable":true,"href":"https:\/\/romdi.com.ua\/pl\/wp-json\/wp\/v2\/users\/1"}],"replies":[{"embeddable":true,"href":"https:\/\/romdi.com.ua\/pl\/wp-json\/wp\/v2\/comments?post=76786"}],"version-history":[{"count":7,"href":"https:\/\/romdi.com.ua\/pl\/wp-json\/wp\/v2\/pages\/76786\/revisions"}],"predecessor-version":[{"id":78885,"href":"https:\/\/romdi.com.ua\/pl\/wp-json\/wp\/v2\/pages\/76786\/revisions\/78885"}],"up":[{"embeddable":true,"href":"https:\/\/romdi.com.ua\/pl\/wp-json\/wp\/v2\/pages\/76770"}],"wp:attachment":[{"href":"https:\/\/romdi.com.ua\/pl\/wp-json\/wp\/v2\/media?parent=76786"}],"curies":[{"name":"wp","href":"https:\/\/api.w.org\/{rel}","templated":true}]}}