{"id":76790,"date":"2015-07-03T08:10:18","date_gmt":"2015-07-03T08:10:18","guid":{"rendered":"https:\/\/romdi.com.ua\/naprawy"},"modified":"2025-08-04T11:37:15","modified_gmt":"2025-08-04T08:37:15","slug":"naprawy","status":"publish","type":"page","link":"https:\/\/romdi.com.ua\/pl\/uslugi\/naprawy","title":{"rendered":"Naprawy"},"content":{"rendered":"<p>[vc_row][vc_column width=&#8221;1\/4&#8243;][vc_widget_sidebar sidebar_id=&#8221;sidebar-2&#8243;][\/vc_column][vc_column width=&#8221;3\/4&#8243;][vc_row_inner][vc_column_inner offset=&#8221;vc_hidden-md vc_hidden-sm vc_hidden-xs&#8221;][vc_images_carousel images=&#8221;76197,75307,75305,75306&#8243; img_size=&#8221;840&#215;500&#8243; onclick=&#8221;link_no&#8221; hide_prev_next_buttons=&#8221;yes&#8221;][vc_empty_space height=&#8221;10px&#8221;][vc_custom_heading text=&#8221;REMONT&#8221; font_container=&#8221;tag:h2|text_align:left|color:%23111111&#8243; use_theme_fonts=&#8221;yes&#8221; el_class=&#8221;style3&#8243; css=&#8221;.vc_custom_1451300061077{margin-bottom: 30px !important;}&#8221;][vc_column_text css_animation=&#8221;left-to-right&#8221; el_class=&#8221;gray&#8221;]<\/p>\n<p style=\"text-align: justify;\"><span style=\"color: #000000;\">Pot\u0119\u017cne ci\u0119\u017car\u00f3wki wymaga odpowiedniej opieki i starannego postawy. Je\u015bli potrzebujesz profesjonalnych diagnostyki i naprawy samochod\u00f3w ci\u0119\u017carowych, firma &#8222;Romdi Ukraina&#8221; Klasyfikacja w minimalnym mo\u017cliwym czasie rozwi\u0105\u017ce Tw\u00f3j problem. Nie uda\u0142o si\u0119 traci\u0107 czas, pieni\u0105dze, a klient nie zawi\u00f3d\u0142!<\/span><\/p>\n<p style=\"text-align: justify;\"><span style=\"color: #000000;\">Us\u0142ugi &#8222;Romdi Ukraina&#8221; &#8211; okazj\u0105 do zwi\u0119kszenia \u017cywotno\u015bci i zapewnienia niezawodno\u015bci ci\u0119\u017car\u00f3wki, unikn\u0105\u0107 wydatk\u00f3w bud\u017cetowych na bardziej powa\u017cnych i kosztownych napraw, zmniejszenie koszt\u00f3w utrzymania pojazd\u00f3w!<\/span><\/p>\n<p>[\/vc_column_text][\/vc_column_inner][\/vc_row_inner][\/vc_column][\/vc_row][vc_row full_width=&#8221;stretch_row&#8221; css=&#8221;.vc_custom_1435652863768{margin-bottom: 0px !important;border-top-width: 1px !important;padding-top: 50px !important;padding-bottom: 50px !important;background-color: #eeeeee !important;border-top-color: #dddddd !important;border-top-style: solid !important;}&#8221; el_class=&#8221;align-right&#8221;][vc_column width=&#8221;2\/3&#8243;][vc_custom_heading text=&#8221;Nie wiesz, kt\u00f3re rozwi\u0105zanie jest potrzebne?&#8221; font_container=&#8221;tag:h3|font_size:18|text_align:left|color:%23111111&#8243; use_theme_fonts=&#8221;yes&#8221; css=&#8221;.vc_custom_1451300377903{margin-top: 10px !important;}&#8221;][\/vc_column][vc_column width=&#8221;1\/3&#8243;][thememove_button text=&#8221;Kontakt&#8221; url=&#8221;\/pl\/contact&#8221;][\/vc_column][\/vc_row][vc_row full_width=&#8221;stretch_row_content_no_spaces&#8221;][vc_column][thememove_gmaps address=&#8221;50.74031542318048, 25.37593561499836&#8243; panel_address=&#8221;Ul. Zwiazkowciw 1a&#8221; panel_subaddress=&#8221;Ul. Zwiazkowciw 1a, \u0141uck, obw\u00f3d wo\u0142y\u0144ski, 43000&#8243; panel_link_text=&#8221;Wyznacz tras\u0119&#8221; map_height=&#8221;300&#8243; marker_icon=&#8221;79097&#8243;][\/thememove_gmaps][\/vc_column][\/vc_row]<\/p>\n","protected":false},"excerpt":{"rendered":"<p>[vc_row][vc_column width=&#8221;1\/4&#8243;][vc_widget_sidebar sidebar_id=&#8221;sidebar-2&#8243;][\/vc_column][vc_column width=&#8221;3\/4&#8243;][vc_row_inner][vc_column_inner offset=&#8221;vc_hidden-md vc_hidden-sm vc_hidden-xs&#8221;][vc_images_carousel images=&#8221;76197,75307,75305,75306&#8243; img_size=&#8221;840&#215;500&#8243; onclick=&#8221;link_no&#8221; hide_prev_next_buttons=&#8221;yes&#8221;][vc_empty_space height=&#8221;10px&#8221;][vc_custom_heading text=&#8221;REMONT&#8221; font_container=&#8221;tag:h2|text_align:left|color:%23111111&#8243; use_theme_fonts=&#8221;yes&#8221; el_class=&#8221;style3&#8243; css=&#8221;.vc_custom_1451300061077{margin-bottom: 30px !important;}&#8221;][vc_column_text css_animation=&#8221;left-to-right&#8221; [&hellip;]<\/p>\n","protected":false},"author":1,"featured_media":0,"parent":76770,"menu_order":0,"comment_status":"closed","ping_status":"closed","template":"","meta":{"footnotes":""},"class_list":["post-76790","page","type-page","status-publish","hentry"],"_links":{"self":[{"href":"https:\/\/romdi.com.ua\/pl\/wp-json\/wp\/v2\/pages\/76790","targetHints":{"allow":["GET"]}}],"collection":[{"href":"https:\/\/romdi.com.ua\/pl\/wp-json\/wp\/v2\/pages"}],"about":[{"href":"https:\/\/romdi.com.ua\/pl\/wp-json\/wp\/v2\/types\/page"}],"author":[{"embeddable":true,"href":"https:\/\/romdi.com.ua\/pl\/wp-json\/wp\/v2\/users\/1"}],"replies":[{"embeddable":true,"href":"https:\/\/romdi.com.ua\/pl\/wp-json\/wp\/v2\/comments?post=76790"}],"version-history":[{"count":2,"href":"https:\/\/romdi.com.ua\/pl\/wp-json\/wp\/v2\/pages\/76790\/revisions"}],"predecessor-version":[{"id":78379,"href":"https:\/\/romdi.com.ua\/pl\/wp-json\/wp\/v2\/pages\/76790\/revisions\/78379"}],"up":[{"embeddable":true,"href":"https:\/\/romdi.com.ua\/pl\/wp-json\/wp\/v2\/pages\/76770"}],"wp:attachment":[{"href":"https:\/\/romdi.com.ua\/pl\/wp-json\/wp\/v2\/media?parent=76790"}],"curies":[{"name":"wp","href":"https:\/\/api.w.org\/{rel}","templated":true}]}}