{"id":76802,"date":"2015-12-16T11:37:23","date_gmt":"2015-12-16T08:37:23","guid":{"rendered":"https:\/\/romdi.com.ua\/oferty-pracy"},"modified":"2015-12-16T11:37:23","modified_gmt":"2015-12-16T08:37:23","slug":"oferty-pracy","status":"publish","type":"page","link":"https:\/\/romdi.com.ua\/pl\/oferty-pracy","title":{"rendered":"Oferty pracy"},"content":{"rendered":"<p>[vc_row][vc_column][vc_single_image image=&#8221;76217&#8243; img_size=&#8221;1200&#215;600&#8243;][vc_column_text]<\/p>\n<h2 style=\"text-align: center;\">Romdi Ukraine Vacancies<\/h2>\n<p>&nbsp;<\/p>\n<p style=\"text-align: justify;\">Prywatne przedsi\u0119biorstwo \u00abRomdi Ukraina\u00bb dynamicznie si\u0119 rozwija w dziedzinie transportu drogowego. Tworzymy zgrany zesp\u00f3\u0142 profesjonalnych pracownik\u00f3w z wieloletnim do\u015bwiadczeniem na rynku logistycznym. Do\u015bwiadczenie, wiedza oraz w\u0142asna flota pojazd\u00f3w daj\u0105 nam mo\u017cliwo\u015b\u0107 realizacji dostaw o r\u00f3\u017cnym stopniu trudno\u015bci. Wolimy tworzy\u0107 zesp\u00f3\u0142, otwarty na now\u0105 wiedz\u0119 i ch\u0119tny do uczenia innych. Je\u015bli jeste\u015b pewny swoich umiej\u0119tno\u015bci \u2014 do\u0142\u0105cz do nas.<\/p>\n<h2 style=\"text-align: center;\"><span style=\"color: #ca1f26;\"><a style=\"color: #ca1f26;\" href=\"https:\/\/www.work.ua\/jobs\/by-company\/261936\/#open-jobs\" target=\"_blank\" rel=\"noopener\">Nasze wolne miejsca<\/a><\/span> w <span style=\"color: #ca1f26;\"><a style=\"color: #ca1f26;\" href=\"https:\/\/www.work.ua\/\" target=\"_blank\" rel=\"noopener\">Work.ua<\/a><\/span><\/h2>\n<p>&nbsp;<\/p>\n","protected":false},"excerpt":{"rendered":"<p>[vc_row][vc_column][vc_single_image image=&#8221;76217&#8243; img_size=&#8221;1200&#215;600&#8243;][vc_column_text] Romdi Ukraine Vacancies &nbsp; Prywatne przedsi\u0119biorstwo \u00abRomdi Ukraina\u00bb dynamicznie si\u0119 rozwija w dziedzinie transportu drogowego. Tworzymy zgrany [&hellip;]<\/p>\n","protected":false},"author":1,"featured_media":0,"parent":0,"menu_order":0,"comment_status":"closed","ping_status":"closed","template":"","meta":{"footnotes":""},"class_list":["post-76802","page","type-page","status-publish","hentry"],"_links":{"self":[{"href":"https:\/\/romdi.com.ua\/pl\/wp-json\/wp\/v2\/pages\/76802","targetHints":{"allow":["GET"]}}],"collection":[{"href":"https:\/\/romdi.com.ua\/pl\/wp-json\/wp\/v2\/pages"}],"about":[{"href":"https:\/\/romdi.com.ua\/pl\/wp-json\/wp\/v2\/types\/page"}],"author":[{"embeddable":true,"href":"https:\/\/romdi.com.ua\/pl\/wp-json\/wp\/v2\/users\/1"}],"replies":[{"embeddable":true,"href":"https:\/\/romdi.com.ua\/pl\/wp-json\/wp\/v2\/comments?post=76802"}],"version-history":[{"count":0,"href":"https:\/\/romdi.com.ua\/pl\/wp-json\/wp\/v2\/pages\/76802\/revisions"}],"wp:attachment":[{"href":"https:\/\/romdi.com.ua\/pl\/wp-json\/wp\/v2\/media?parent=76802"}],"curies":[{"name":"wp","href":"https:\/\/api.w.org\/{rel}","templated":true}]}}