{"id":78412,"date":"2023-04-26T14:46:47","date_gmt":"2023-04-26T11:46:47","guid":{"rendered":"https:\/\/romdi.com.ua\/?page_id=78412"},"modified":"2025-07-16T16:52:21","modified_gmt":"2025-07-16T13:52:21","slug":"korisne","status":"publish","type":"page","link":"https:\/\/romdi.com.ua\/pl\/korisne","title":{"rendered":"U\u017cyteczne"},"content":{"rendered":"<p>[vc_row][vc_column][vc_column_text]<\/p>\n<table class=\"wikitable sortable\" style=\"height: 1910px;\" width=\"202\" align=\"center\">\n<caption><strong><span class=\"HwtZe\" lang=\"en\"><span class=\"jCAhz ChMk0b\"><span class=\"ryNqvb\"><span class=\"HwtZe\" lang=\"pl\">Znaki identyfikacyjne pojazd\u00f3w mechanicznych kraj\u00f3w \u015bwiata<\/span><\/span><\/span><\/span><\/strong><\/caption>\n<tbody>\n<tr>\n<th><span class=\"HwtZe\" lang=\"pl\"><span class=\"jCAhz ChMk0b\"><span class=\"ryNqvb\">Kraj<\/span><\/span><\/span><\/th>\n<th><span class=\"HwtZe\" lang=\"pl\"><span class=\"jCAhz ChMk0b\"><span class=\"ryNqvb\">Podpisa\u0107<\/span><\/span><\/span><\/th>\n<\/tr>\n<tr>\n<td style=\"text-align: left;\"><span class=\"HwtZe\" lang=\"en\"><span class=\"jCAhz ChMk0b\"><span class=\"ryNqvb\">Austria<\/span><\/span><\/span><\/td>\n<td><b>A <\/b><\/td>\n<\/tr>\n<tr>\n<td><span class=\"HwtZe\" lang=\"en\"><span class=\"jCAhz ChMk0b\"><span class=\"ryNqvb\">Belgium<\/span><\/span><\/span><\/td>\n<td><b>B<\/b><\/td>\n<\/tr>\n<tr>\n<td><span class=\"HwtZe\" lang=\"en\"><span class=\"jCAhz ChMk0b\"><span class=\"ryNqvb\">Bulgaria<\/span><\/span><\/span><\/td>\n<td><b>BG <\/b><\/td>\n<\/tr>\n<tr>\n<td><span class=\"HwtZe\" lang=\"en\"><span class=\"jCAhz ChMk0b\"><span class=\"ryNqvb\">Switzerland<\/span><\/span><\/span><\/td>\n<td><b>CH <\/b><\/td>\n<\/tr>\n<tr>\n<td><span class=\"HwtZe\" lang=\"en\"><span class=\"jCAhz ChMk0b\"><span class=\"ryNqvb\">Czech Republic<\/span><\/span><\/span><\/td>\n<td><b>CZ <\/b><\/td>\n<\/tr>\n<tr>\n<td><span class=\"HwtZe\" lang=\"en\"><span class=\"jCAhz ChMk0b\"><span class=\"ryNqvb\">Germany<\/span><\/span><\/span><\/td>\n<td><b>D <\/b><\/td>\n<\/tr>\n<tr>\n<td><span class=\"HwtZe\" lang=\"en\"><span class=\"jCAhz ChMk0b\"><span class=\"ryNqvb\">Denmark<\/span><\/span><\/span><\/td>\n<td><b>DK<\/b><\/td>\n<\/tr>\n<tr>\n<td><span class=\"HwtZe\" lang=\"en\"><span class=\"jCAhz ChMk0b\"><span class=\"ryNqvb\">Spain<\/span><\/span><\/span><\/td>\n<td><b>E <\/b><\/td>\n<\/tr>\n<tr>\n<td><span class=\"HwtZe\" lang=\"en\"><span class=\"jCAhz ChMk0b\"><span class=\"ryNqvb\">Estonia<\/span><\/span><\/span><\/td>\n<td><b>EST <\/b><\/td>\n<\/tr>\n<tr>\n<td><span class=\"HwtZe\" lang=\"en\"><span class=\"jCAhz ChMk0b\"><span class=\"ryNqvb\">Finland<\/span><\/span><\/span><\/td>\n<td><b>FIN<\/b><\/td>\n<\/tr>\n<tr>\n<td><span class=\"HwtZe\" lang=\"en\"><span class=\"jCAhz ChMk0b\"><span class=\"ryNqvb\">France<\/span><\/span><\/span><\/td>\n<td><b>F <\/b><\/td>\n<\/tr>\n<tr>\n<td><span class=\"HwtZe\" lang=\"en\"><span class=\"jCAhz ChMk0b\"><span class=\"ryNqvb\">United Kingdom<\/span><\/span><\/span><\/td>\n<td><b>GB <\/b><\/td>\n<\/tr>\n<tr>\n<td>\n<p style=\"text-align: left;\"><span class=\"HwtZe\" lang=\"en\"><span class=\"jCAhz ChMk0b\"><span class=\"ryNqvb\">Greece<\/span><\/span><\/span><\/p>\n<\/td>\n<td><b>GR <\/b><\/td>\n<\/tr>\n<tr>\n<td><span class=\"HwtZe\" lang=\"en\"><span class=\"jCAhz ChMk0b\"><span class=\"ryNqvb\">Croatia<\/span><\/span><\/span><\/td>\n<td><b>CRO <\/b><\/td>\n<\/tr>\n<tr>\n<td><span class=\"HwtZe\" lang=\"en\"><span class=\"jCAhz ChMk0b\"><span class=\"ryNqvb\">Hungary<\/span><\/span><\/span><\/td>\n<td><b>H <\/b><\/td>\n<\/tr>\n<tr>\n<td><span class=\"HwtZe\" lang=\"en\"><span class=\"jCAhz ChMk0b\"><span class=\"ryNqvb\">Ireland<\/span><\/span><\/span><\/td>\n<td><b>IRL<\/b><\/td>\n<\/tr>\n<tr>\n<td><span class=\"HwtZe\" lang=\"en\"><span class=\"jCAhz ChMk0b\"><span class=\"ryNqvb\">Iceland<\/span><\/span><\/span><\/td>\n<td><b>IS <\/b><\/td>\n<\/tr>\n<tr>\n<td><span class=\"HwtZe\" lang=\"en\"><span class=\"jCAhz ChMk0b\"><span class=\"ryNqvb\">Israel<\/span><\/span><\/span><\/td>\n<td><b>IL <\/b><\/td>\n<\/tr>\n<tr>\n<td><span class=\"HwtZe\" lang=\"en\"><span class=\"jCAhz ChMk0b\"><span class=\"ryNqvb\">Italy<\/span><\/span><\/span><\/td>\n<td><b>I <\/b><\/td>\n<\/tr>\n<tr>\n<td><span class=\"HwtZe\" lang=\"en\"><span class=\"jCAhz ChMk0b\"><span class=\"ryNqvb\">Liechtenstein<\/span><\/span><\/span><\/td>\n<td><b>FL <\/b><\/td>\n<\/tr>\n<tr>\n<td><span class=\"HwtZe\" lang=\"en\"><span class=\"jCAhz ChMk0b\"><span class=\"ryNqvb\">Lithuania<\/span><\/span><\/span><\/td>\n<td><b>LT <\/b><\/td>\n<\/tr>\n<tr>\n<td><span class=\"HwtZe\" lang=\"en\"><span class=\"jCAhz ChMk0b\"><span class=\"ryNqvb\">Luxembourg<\/span><\/span><\/span><\/td>\n<td><b>L <\/b><\/td>\n<\/tr>\n<tr>\n<td><span class=\"HwtZe\" lang=\"en\"><span class=\"jCAhz ChMk0b\"><span class=\"ryNqvb\">Latvia<\/span><\/span><\/span><\/td>\n<td><b>LV<\/b><\/td>\n<\/tr>\n<tr>\n<td><span class=\"HwtZe\" lang=\"en\"><span class=\"jCAhz ChMk0b\"><span class=\"ryNqvb\">Monaco<\/span><\/span><\/span><\/td>\n<td><b>MC <\/b><\/td>\n<\/tr>\n<tr>\n<td><span class=\"HwtZe\" lang=\"en\"><span class=\"jCAhz ChMk0b\"><span class=\"ryNqvb\">Netherlands<\/span><\/span><\/span><\/td>\n<td><b>NL <\/b><\/td>\n<\/tr>\n<tr>\n<td><span class=\"HwtZe\" lang=\"en\"><span class=\"jCAhz ChMk0b\"><span class=\"ryNqvb\">Norway<\/span><\/span><\/span><\/td>\n<td><b>N <\/b><\/td>\n<\/tr>\n<tr>\n<td><span class=\"HwtZe\" lang=\"en\"><span class=\"jCAhz ChMk0b\"><span class=\"ryNqvb\">Poland<\/span><\/span><\/span><\/td>\n<td><b>PL <\/b><\/td>\n<\/tr>\n<tr>\n<td><span class=\"HwtZe\" lang=\"en\"><span class=\"jCAhz ChMk0b\"><span class=\"ryNqvb\">Portugal<\/span><\/span><\/span><\/td>\n<td><b>P <\/b><\/td>\n<\/tr>\n<tr>\n<td><span class=\"HwtZe\" lang=\"en\"><span class=\"jCAhz ChMk0b\"><span class=\"ryNqvb\">Romania<\/span><\/span><\/span><\/td>\n<td><b>RO<\/b><\/td>\n<\/tr>\n<tr>\n<td><span class=\"HwtZe\" lang=\"en\"><span class=\"jCAhz ChMk0b\"><span class=\"ryNqvb\">russia<\/span><\/span><\/span><\/td>\n<td><b>RUS <\/b><\/td>\n<\/tr>\n<tr>\n<td><span class=\"HwtZe\" lang=\"en\"><span class=\"jCAhz ChMk0b\"><span class=\"ryNqvb\">Slovakia<\/span><\/span><\/span><\/td>\n<td><b>SK <\/b><\/td>\n<\/tr>\n<tr>\n<td><span class=\"HwtZe\" lang=\"en\"><span class=\"jCAhz ChMk0b\"><span class=\"ryNqvb\">Sweden<\/span><\/span><\/span><\/td>\n<td><b>S <\/b><\/td>\n<\/tr>\n<tr>\n<td>\n<div style=\"overflow-x: auto;\"><span class=\"HwtZe\" lang=\"en\"><span class=\"jCAhz ChMk0b\"><span class=\"ryNqvb\">Syria<\/span><\/span><\/span><\/div>\n<\/td>\n<td><b>SYR <\/b><\/td>\n<\/tr>\n<tr>\n<td><span class=\"HwtZe\" lang=\"en\"><span class=\"jCAhz ChMk0b\"><span class=\"ryNqvb\">Turkey<\/span><\/span><\/span><\/td>\n<td><b>TR <\/b><\/td>\n<\/tr>\n<tr>\n<td><span class=\"HwtZe\" lang=\"en\"><span class=\"jCAhz ChMk0b\"><span class=\"ryNqvb\">Ukraine<\/span><\/span><\/span><\/td>\n<td><b>UA<\/b><\/td>\n<\/tr>\n<\/tbody>\n<\/table>\n<p>[\/vc_column_text][\/vc_column][\/vc_row]<\/p>\n","protected":false},"excerpt":{"rendered":"<p>[vc_row][vc_column][vc_column_text] Znaki identyfikacyjne pojazd\u00f3w mechanicznych kraj\u00f3w \u015bwiata Kraj Podpisa\u0107 Austria A Belgium B Bulgaria BG Switzerland CH Czech Republic CZ [&hellip;]<\/p>\n","protected":false},"author":1,"featured_media":0,"parent":0,"menu_order":0,"comment_status":"closed","ping_status":"closed","template":"","meta":{"footnotes":""},"class_list":["post-78412","page","type-page","status-publish","hentry"],"_links":{"self":[{"href":"https:\/\/romdi.com.ua\/pl\/wp-json\/wp\/v2\/pages\/78412","targetHints":{"allow":["GET"]}}],"collection":[{"href":"https:\/\/romdi.com.ua\/pl\/wp-json\/wp\/v2\/pages"}],"about":[{"href":"https:\/\/romdi.com.ua\/pl\/wp-json\/wp\/v2\/types\/page"}],"author":[{"embeddable":true,"href":"https:\/\/romdi.com.ua\/pl\/wp-json\/wp\/v2\/users\/1"}],"replies":[{"embeddable":true,"href":"https:\/\/romdi.com.ua\/pl\/wp-json\/wp\/v2\/comments?post=78412"}],"version-history":[{"count":6,"href":"https:\/\/romdi.com.ua\/pl\/wp-json\/wp\/v2\/pages\/78412\/revisions"}],"predecessor-version":[{"id":78890,"href":"https:\/\/romdi.com.ua\/pl\/wp-json\/wp\/v2\/pages\/78412\/revisions\/78890"}],"wp:attachment":[{"href":"https:\/\/romdi.com.ua\/pl\/wp-json\/wp\/v2\/media?parent=78412"}],"curies":[{"name":"wp","href":"https:\/\/api.w.org\/{rel}","templated":true}]}}